{"id":5571,"date":"2019-09-04T12:15:13","date_gmt":"2019-09-04T10:15:13","guid":{"rendered":"https:\/\/www.fewo-hohetauern.at\/?page_id=5571"},"modified":"2019-09-23T08:23:04","modified_gmt":"2019-09-23T06:23:04","slug":"nase-apartmany","status":"publish","type":"page","link":"https:\/\/www.fewo-hohetauern.at\/sk\/nase-apartmany\/","title":{"rendered":"Na\u0161e apartm\u00e1ny"},"content":{"rendered":"<p>[vc_row css=&#8220;.vc_custom_1527764409511{margin-top: 0px !important;padding-top: 0px !important;padding-bottom: 40px !important;background-color: #ffffff !important;}&#8220;][vc_column]<header class='content-heading'>\n\t\t\t\t\t\t<h1 class='main-heading'>Na\u0161e apartm\u00e1ny<\/h1>\n\t\t\t\t\t\t<div class='main-subtitle'><p>Dovolenka v Apartm\u00e1novom dome Hohe Tauern.<\/p>\n<\/div>\t\t\t\t\t\t\n\t\t\t\t\t\t<div class='seperator'><\/div>\n\t\t\t\t\t<\/header>[vc_row_inner css=&#8220;.vc_custom_1527764453162{padding-top: 20px !important;}&#8220;][vc_column_inner][vc_column_text el_class=&#8220;introtext&#8220;]V lete 2019 zrenovovan\u00e9 apartm\u00e1ny s\u00fa plne vybaven\u00e9 a splnia v\u0161etky Va\u0161e po\u017eiadavky.<\/p>\n<p>Wi-Fi pripojenie na internet je k dispoz\u00edcii v\u00a0<em>celom<\/em>\u00a0apart\u00e1novom dome a je\u00a0<em>bezplatn\u00e9.<\/em>[\/vc_column_text][\/vc_column_inner][\/vc_row_inner][\/vc_column][\/vc_row][vc_row full_width=&#8220;stretch_row&#8220; wrapper_container=&#8220;content-block&#8220; bg_type=&#8220;grad&#8220; seperator_enable=&#8220;seperator_enable_value&#8220; seperator_type=&#8220;curve_up_seperator&#8220; seperator_position=&#8220;bottom_seperator&#8220; seperator_svg_height=&#8220;40&#8243; seperator_shape_background=&#8220;#ffffff&#8220; bg_grad=&#8220;background: -webkit-gradient(linear, left top, left bottom, color-stop(0%, #FFFFFF), color-stop(100%, #E6E6E6));background: -moz-linear-gradient(top,#FFFFFF 0%,#E6E6E6 100%);background: -webkit-linear-gradient(top,#FFFFFF 0%,#E6E6E6 100%);background: -o-linear-gradient(top,#FFFFFF 0%,#E6E6E6 100%);background: -ms-linear-gradient(top,#FFFFFF 0%,#E6E6E6 100%);background: linear-gradient(top,#FFFFFF 0%,#E6E6E6 100%);&#8220; css=&#8220;.vc_custom_1527764355311{margin-top: 10px !important;margin-bottom: 70px !important;padding-top: 0px !important;padding-bottom: 50px !important;}&#8220;][vc_column width=&#8220;1\/3&#8243;]<div class=\"stats-block stats-top  \"><div class=\"aio-icon-top\"><div class=\"ult-just-icon-wrapper  \"><div class=\"align-icon\" style=\"text-align:center;\">\n<div class=\"aio-icon square \"  style=\"color:#6b6a58;font-size:52px;display:inline-block;\">\n\t<i class=\"Material-Icons-map\"><\/i>\n<\/div><\/div><\/div><\/div><div class=\"stats-desc\" id=\"counter-responsv-wrap-8092\"><div id=\"counter_117465589769ddfca789100\" data-id=\"counter_117465589769ddfca789100\"  data-ultimate-target='#counter-responsv-wrap-8092 .stats-number'  data-responsive-json-new='{\"font-size\":\"desktop:40px;\",\"line-height\":\"desktop:40px;\"}'  class=\"stats-number ult-responsive\" style=\" color:#606060; font-weight:bold;color:#6b6a58;\" data-speed=\"3\" data-counter-value=\"5\" data-separator=\",\" data-decimal=\".\">0<\/div><div id=\"counter-responsv-wrap-8092\"  data-ultimate-target='#counter-responsv-wrap-8092 .stats-text'  data-responsive-json-new='{\"font-size\":\"desktop:24px;\",\"line-height\":\"desktop:24px;\"}'  class=\"stats-text ult-responsive\" style=\"font-size:px; color:#606060; \">Apartm\u00e1nov<\/div><\/div><\/div>[\/vc_column][vc_column width=&#8220;1\/3&#8243;]<div class=\"stats-block stats-top  \"><div class=\"aio-icon-top\"><div class=\"ult-just-icon-wrapper  \"><div class=\"align-icon\" style=\"text-align:center;\">\n<div class=\"aio-icon square \"  style=\"color:#565334;font-size:52px;display:inline-block;\">\n\t<i class=\"Defaults-bed hotel\"><\/i>\n<\/div><\/div><\/div><\/div><div class=\"stats-desc\" id=\"counter-responsv-wrap-7497\"><div id=\"counter_106667659369ddfca78916f\" data-id=\"counter_106667659369ddfca78916f\"  data-ultimate-target='#counter-responsv-wrap-7497 .stats-number'  data-responsive-json-new='{\"font-size\":\"desktop:40px;\",\"line-height\":\"desktop:40px;\"}'  class=\"stats-number ult-responsive\" style=\" color:#606060; font-weight:bold;color:#565334;\" data-speed=\"3\" data-counter-value=\"20\" data-separator=\",\" data-decimal=\".\">0<\/div><div id=\"counter-responsv-wrap-7497\"  data-ultimate-target='#counter-responsv-wrap-7497 .stats-text'  data-responsive-json-new='{\"font-size\":\"desktop:24px;\",\"line-height\":\"desktop:24px;\"}'  class=\"stats-text ult-responsive\" style=\"font-size:px; color:#606060; \">L\u00f4\u017eok<\/div><\/div><\/div>[\/vc_column][vc_column width=&#8220;1\/3&#8243;]<div class=\"stats-block stats-top  \"><div class=\"aio-icon-top\"><div class=\"ult-just-icon-wrapper  \"><div class=\"align-icon\" style=\"text-align:center;\">\n<div class=\"aio-icon square \"  style=\"color:#474d4b;font-size:52px;display:inline-block;\">\n\t<i class=\"Defaults-automobile car\"><\/i>\n<\/div><\/div><\/div><\/div><div class=\"stats-desc\" id=\"counter-responsv-wrap-4660\"><div id=\"counter_110056243669ddfca7891c6\" data-id=\"counter_110056243669ddfca7891c6\"  data-ultimate-target='#counter-responsv-wrap-4660 .stats-number'  data-responsive-json-new='{\"font-size\":\"desktop:40px;\",\"line-height\":\"desktop:40px;\"}'  class=\"stats-number ult-responsive\" style=\" color:#606060; font-weight:bold;color:#474d4b;\" data-speed=\"3\" data-counter-value=\"5\" data-separator=\",\" data-decimal=\".\">0<\/div><div id=\"counter-responsv-wrap-4660\"  data-ultimate-target='#counter-responsv-wrap-4660 .stats-text'  data-responsive-json-new='{\"font-size\":\"desktop:24px;\",\"line-height\":\"desktop:24px;\"}'  class=\"stats-text ult-responsive\" style=\"font-size:px; color:#606060; \">Miest na parkovanie<\/div><\/div><\/div>[\/vc_column][\/vc_row][vc_row equal_height=&#8220;yes&#8220; entrada_row_bgcolor=&#8220;bg-white&#8220; css=&#8220;.vc_custom_1561541175196{margin-top: 0px !important;margin-right: 0px !important;margin-bottom: 0px !important;margin-left: 0px !important;padding-top: 0px !important;padding-right: 0px !important;padding-bottom: 0px !important;padding-left: 0px !important;}&#8220;][vc_column el_class=&#8220;wow slideInLeft block-widget&#8220; css=&#8220;.vc_custom_1527752511691{padding-right: 10px !important;padding-left: 10px !important;}&#8220;]<header class='content-heading'>\n\t\t\t\t\t\t<h1 class='main-heading'>Virtu\u00e1lna 3D prehliadka<\/h1>\n\t\t\t\t\t\t<div class='main-subtitle'><p><span class=\"tlid-translation translation\" lang=\"sk\"><span class=\"\" title=\"\">Prejdite sa po na\u0161om dome<\/span><\/span><\/p>\n<\/div>\t\t\t\t\t\t\n\t\t\t\t\t\t<div class='seperator'><\/div>\n\t\t\t\t\t<\/header>[vc_raw_html]JTNDZGl2JTIwaWQlM0QlMjd3cDNkLTIzMzIlMjclM0UlM0NhJTIwaHJlZiUzRCUyN2h0dHBzJTNBJTJGJTJGd3d3LnZpdmlzM2QuYXQlMkZ2aXJ0dWVsbGUtdG91ciUyRmFwcGFydGVtZW50aGF1cy1ob2hlLXRhdWVybiUyRmZ1bGxzY3JlZW4lMkYlM0ZlbWJlZGRlZCUyNyUzRUxPQURJTkclMjAtJTIwQXBwYXJ0ZW1lbnRoYXVzJTIwSG9oZSUyMFRhdWVybiUzQyUyRmElM0UlM0NzY3JpcHQlMjBzcmMlM0QlMjclMkYlMkZzMy11cy13ZXN0LTIuYW1hem9uYXdzLmNvbSUyRndwM2Rtb2RlbHMlMkZqcyUyRmVtYmVkLWlmcmFtZS5qcyUzRmlkJTNEd3AzZC0yMzMyJTI3JTNFJTNDJTJGc2NyaXB0JTNFJTNDJTJGZGl2JTNF[\/vc_raw_html][\/vc_column][\/vc_row][vc_row equal_height=&#8220;yes&#8220; entrada_row_bgcolor=&#8220;bg-white&#8220; css=&#8220;.vc_custom_1561541175196{margin-top: 0px !important;margin-right: 0px !important;margin-bottom: 0px !important;margin-left: 0px !important;padding-top: 0px !important;padding-right: 0px !important;padding-bottom: 0px !important;padding-left: 0px !important;}&#8220;][vc_column el_class=&#8220;wow slideInLeft block-widget&#8220; css=&#8220;.vc_custom_1527752511691{padding-right: 10px !important;padding-left: 10px !important;}&#8220;]<header class='content-heading'>\n\t\t\t\t\t\t<h1 class='main-heading'>Na\u0161e ceny<\/h1>\n\t\t\t\t\t\t<div class='main-subtitle'><p>Dovolenka nemus\u00ed by\u0165 drah\u00e1.<\/p>\n<\/div>\t\t\t\t\t\t\n\t\t\t\t\t\t<div class='seperator'><\/div>\n\t\t\t\t\t<\/header>[vc_raw_html]JTNDZGl2JTIwaWQlM0QlMjJlYkNhdGVnb3JpZXMlMjIlM0UlM0MlMkZkaXYlM0UlMEElM0NzY3JpcHQlMjB0eXBlJTNEJTIydGV4dCUyRmphdmFzY3JpcHQlMjIlMjBzcmMlM0QlMjIlMkYlMkZ3d3cuZWFzeS1ib29raW5nLmF0JTJGZWJQbHVnaW5zJTJGY2F0ZWdvcmllcyUyRmpxdWVyeS5lYXN5Ym9va2luZy5jYXRlZ29yaWVzLnYyLmpzJTIyJTNFJTNDJTJGc2NyaXB0JTNFJTBBJTNDc2NyaXB0JTIwdHlwZSUzRCUyMnRleHQlMkZqYXZhc2NyaXB0JTIyJTNFJTBBZnVuY3Rpb24lMjBlYkNhdGVnb3JpZXNMb2FkZWRDaGVjayUyOCUyOSUyMCU3QiUwQSUyMCUyMCUyMCUyMGlmJTI4dHlwZW9mJTIwalF1ZXJ5JTIwJTIxJTNEJTIwJTIydW5kZWZpbmVkJTIyJTI5JTIwJTdCJTBBJTIwJTIwJTIwJTIwJTIwJTIwJTIwJTIwaWYlMjhqUXVlcnkuZm4uZWJDYXRlZ29yaWVzJTI5JTIwJTdCJTBBJTIwJTIwJTIwJTIwJTIwJTIwJTIwJTIwJTIwJTIwJTIwJTIwalF1ZXJ5JTI4JTIyJTIzZWJDYXRlZ29yaWVzJTIyJTI5LmViQ2F0ZWdvcmllcyUyOCU3QiUwQSUyMCUyMCUyMCUyMCUyMCUyMCUyMCUyMCUyMCUyMCUyMCUyMCUyMCUyMCUyMCUyMGN1c3RvbWVySWQlM0ElMjA4MTQ3JTJDJTBBJTIwJTIwJTIwJTIwJTIwJTIwJTIwJTIwJTIwJTIwJTIwJTIwJTIwJTIwJTIwJTIwc2VyaWFsTm8lM0ElMjAlMjI5MjA1LTc5NTgtMjE3NiUyMiUyQyUwQSUyMCUyMCUyMCUyMCUyMCUyMCUyMCUyMCUyMCUyMCUyMCUyMCUyMCUyMCUyMCUyMGxvY2FsZUlkJTNBJTIwMSUyQyUwQSUyMCUyMCUyMCUyMCUyMCUyMCUyMCUyMCUyMCUyMCUyMCUyMCUyMCUyMCUyMCUyMGxvYWRDU1MlMjAlM0ElMjB0cnVlJTJDJTBBJTIwJTIwJTIwJTIwJTIwJTIwJTIwJTIwJTIwJTIwJTIwJTIwJTIwJTIwJTIwJTIwbWF4SW1nV2lkdGglMjAlM0ElMjA5NjAlMkMlMEElMjAlMjAlMjAlMjAlMjAlMjAlMjAlMjAlMjAlMjAlMjAlMjAlMjAlMjAlMjAlMjBtYXhJbWdIZWlnaHQlMjAlM0ElMjA5NjAlMkMlMEElMjAlMjAlMjAlMjAlMjAlMjAlMjAlMjAlMjAlMjAlMjAlMjAlMjAlMjAlMjAlMjBib29raW5nUGFnZSUyMCUzQSUyMCUyMnBvcHVwJTIyJTJDJTBBJTIwJTIwJTIwJTIwJTIwJTIwJTIwJTIwJTIwJTIwJTIwJTIwJTIwJTIwJTIwJTIwZW5xdWlyeVBhZ2UlMjAlM0ElMjAlMjJwb3B1cCUyMiUyQyUwQSUyMCUyMCUyMCUyMCUyMCUyMCUyMCUyMCUyMCUyMCUyMCUyMCUyMCUyMCUyMCUyMHNob3dBdmFpbGFiaWxpdHklMjAlM0ElMjB0cnVlJTJDJTBBJTIwJTIwJTIwJTIwJTIwJTIwJTIwJTIwJTIwJTIwJTIwJTIwJTIwJTIwJTIwJTIwc2hvd1ByaWNlcyUyMCUzQSUyMHRydWUlMkMlMEElMjAlMjAlMjAlMjAlMjAlMjAlMjAlMjAlMjAlMjAlMjAlMjAlMjAlMjAlMjAlMjBzaG93RGV0YWlscyUyMCUzQSUyMHRydWUlMkMlMEElMjAlMjAlMjAlMjAlMjAlMjAlMjAlMjAlMjAlMjAlMjAlMjAlMjAlMjAlMjAlMjBjYXRlZ29yeSUyMCUzQSUyMCUyMmFsbCUyMiUyQyUwQSUyMCUyMCUyMCUyMCUyMCUyMCUyMCUyMCUyMCUyMCUyMCUyMCUyMCUyMCUyMCUyMHJvb21MZXZlbCUzQSUyMGZhbHNlJTJDJTBBJTIwJTIwJTIwJTIwJTIwJTIwJTIwJTIwJTIwJTIwJTIwJTIwJTIwJTIwJTIwJTIwcm9vbSUzQSUyMCUyMmFsbCUyMiUyQyUwQSUyMCUyMCUyMCUyMCUyMCUyMCUyMCUyMCUyMCUyMCUyMCUyMCUyMCUyMCUyMCUyMGNhdGVnb3J5RGVzY3JpcHRpb24lM0ElMjB0cnVlJTJDJTBBJTIwJTIwJTIwJTIwJTIwJTIwJTIwJTIwJTIwJTIwJTIwJTIwJTIwJTIwJTIwJTIwcm9vbVNvcnRpbmclM0ElMjAlMjJyYW5kb20lMjIlMEElMjAlMjAlMjAlMjAlMjAlMjAlMjAlMjAlMjAlMjAlMjAlMjAlN0QlMjklM0IlMEElMjAlMjAlMjAlMjAlMjAlMjAlMjAlMjAlN0QlMjBlbHNlJTIwJTdCJTBBJTIwJTIwJTIwJTIwJTIwJTIwJTIwJTIwJTIwJTIwJTIwJTIwc2V0VGltZW91dCUyOGViQ2F0ZWdvcmllc0xvYWRlZENoZWNrJTJDMjAwJTI5JTNCJTBBJTIwJTIwJTIwJTIwJTIwJTIwJTIwJTIwJTdEJTBBJTIwJTIwJTIwJTIwJTdEJTIwZWxzZSU3QiUwQSUyMCUyMCUyMCUyMCUyMCUyMCUyMCUyMHNldFRpbWVvdXQlMjhlYkNhdGVnb3JpZXNMb2FkZWRDaGVjayUyQzIwMCUyOSUzQiUwQSUyMCUyMCUyMCUyMCU3RCUwQSU3RCUwQWViQ2F0ZWdvcmllc0xvYWRlZENoZWNrJTI4JTI5JTNCJTBBJTNDJTJGc2NyaXB0JTNFJTIwJTIwJTIwJTIwJTIwJTIwJTIwJTIwJTIwJTIwJTIwJTIwJTIwJTIwJTIwJTIwJTIwJTIwJTIwJTBBJTBBJTIwJTIwJTIwJTIwJTIwJTIwJTIwJTIwJTIwJTIwJTIwJTIwJTIw[\/vc_raw_html][\/vc_column][\/vc_row][vc_row full_width=&#8220;stretch_row&#8220; css=&#8220;.vc_custom_1527765232455{background-color: #ffffff !important;}&#8220;][vc_column width=&#8220;1\/6&#8243; css=&#8220;.vc_custom_1527765680497{padding-right: 10px !important;padding-left: 10px !important;}&#8220;][\/vc_column][vc_column width=&#8220;4\/6&#8243;]<div id=\"ultimate-heading-739369ddfca78923f\" class=\"uvc-heading ult-adjust-bottom-margin ultimate-heading-739369ddfca78923f uvc-9514 \" data-hspacer=\"line_only\"  data-halign=\"center\" style=\"text-align:center\"><div class=\"uvc-main-heading ult-responsive\"  data-ultimate-target='.uvc-heading.ultimate-heading-739369ddfca78923f h2'  data-responsive-json-new='{\"font-size\":\"\",\"line-height\":\"\"}' ><h2 style=\"font-weight:normal;margin-bottom:10px;\">Ak si u\u017e bal\u00edte kufre, ulo\u017ete si hne\u010f aj na\u0161e s\u00faradnice do navig\u00e1cie a hor sa na cestu!<\/h2><\/div><div class=\"uvc-heading-spacer line_only\" style=\"margin-top:10px;margin-bottom:10px;height:1px;\"><span class=\"uvc-headings-line\" style=\"border-style:solid;border-bottom-width:1px;border-color:#848484;width:autopx;\"><\/span><\/div><div class=\"uvc-sub-heading ult-responsive\"  data-ultimate-target='.uvc-heading.ultimate-heading-739369ddfca78923f .uvc-sub-heading '  data-responsive-json-new='{\"font-size\":\"\",\"line-height\":\"\"}'  style=\"font-weight:normal;margin-bottom:20px;\">Kontaktujte n\u00e1s pre viac inform\u00e1ci\u00ed oh\u013eadom V\u00e1\u0161ho pobytu, po\u0161lite n\u00e1m nez\u00e1v\u00e4zn\u00fd dopyt, alebo n\u00e1m zatelefonujte na tel. \u010d.:\u00a0<a href=\"tel:00436645555784\">+43 664 5555784<\/a>. Te\u0161\u00edme sa na V\u00e1s!<\/div><\/div><div class=\"ult-spacer spacer-69ddfca78925c\" data-id=\"69ddfca78925c\" data-height=\"40\" data-height-mobile=\"40\" data-height-tab=\"40\" data-height-tab-portrait=\"\" data-height-mobile-landscape=\"\" style=\"clear:both;display:block;\"><\/div><header class='content-heading'>\n\t\t\t\t\t\t<h1 class='main-heading'>Info-Hotline<\/h1>\n\t\t\t\t\t\t<div class='main-subtitle'><header><a href=\"tel:00436645555784\">+43(0)664 5555784<\/a><\/header>\n<\/div>\t\t\t\t\t\t\n\t\t\t\t\t\t<div class='seperator'><\/div>\n\t\t\t\t\t<\/header>[\/vc_column][vc_column width=&#8220;1\/6&#8243;][\/vc_column][\/vc_row]<\/p>\n","protected":false},"excerpt":{"rendered":"<p>[vc_row css=&#8220;.vc_custom_1527764409511{margin-top: 0px !important;padding-top: 0px !important;padding-bottom: 40px !important;background-color: #ffffff !important;}&#8220;][vc_column][vc_row_inner css=&#8220;.vc_custom_1527764453162{padding-top: 20px !important;}&#8220;][vc_column_inner][vc_column_text el_class=&#8220;introtext&#8220;]V lete 2019 zrenovovan\u00e9 apartm\u00e1ny s\u00fa plne vybaven\u00e9 a splnia v\u0161etky Va\u0161e po\u017eiadavky. Wi-Fi pripojenie na internet je k dispoz\u00edcii v\u00a0celom\u00a0apart\u00e1novom dome a je\u00a0bezplatn\u00e9.[\/vc_column_text][\/vc_column_inner][\/vc_row_inner][\/vc_column][\/vc_row][vc_row full_width=&#8220;stretch_row&#8220; wrapper_container=&#8220;content-block&#8220; bg_type=&#8220;grad&#8220; seperator_enable=&#8220;seperator_enable_value&#8220; seperator_type=&#8220;curve_up_seperator&#8220; seperator_position=&#8220;bottom_seperator&#8220; seperator_svg_height=&#8220;40&#8243; seperator_shape_background=&#8220;#ffffff&#8220; bg_grad=&#8220;background: -webkit-gradient(linear, left top, left bottom, color-stop(0%, #FFFFFF), color-stop(100%, #E6E6E6));background: [&hellip;]<\/p>\n","protected":false},"author":3,"featured_media":0,"parent":0,"menu_order":0,"comment_status":"closed","ping_status":"closed","template":"","meta":{"om_disable_all_campaigns":false,"_mi_skip_tracking":false,"footnotes":""},"tags":[],"aioseo_notices":[],"_links":{"self":[{"href":"https:\/\/www.fewo-hohetauern.at\/sk\/wp-json\/wp\/v2\/pages\/5571"}],"collection":[{"href":"https:\/\/www.fewo-hohetauern.at\/sk\/wp-json\/wp\/v2\/pages"}],"about":[{"href":"https:\/\/www.fewo-hohetauern.at\/sk\/wp-json\/wp\/v2\/types\/page"}],"author":[{"embeddable":true,"href":"https:\/\/www.fewo-hohetauern.at\/sk\/wp-json\/wp\/v2\/users\/3"}],"replies":[{"embeddable":true,"href":"https:\/\/www.fewo-hohetauern.at\/sk\/wp-json\/wp\/v2\/comments?post=5571"}],"version-history":[{"count":5,"href":"https:\/\/www.fewo-hohetauern.at\/sk\/wp-json\/wp\/v2\/pages\/5571\/revisions"}],"predecessor-version":[{"id":5646,"href":"https:\/\/www.fewo-hohetauern.at\/sk\/wp-json\/wp\/v2\/pages\/5571\/revisions\/5646"}],"wp:attachment":[{"href":"https:\/\/www.fewo-hohetauern.at\/sk\/wp-json\/wp\/v2\/media?parent=5571"}],"wp:term":[{"taxonomy":"post_tag","embeddable":true,"href":"https:\/\/www.fewo-hohetauern.at\/sk\/wp-json\/wp\/v2\/tags?post=5571"}],"curies":[{"name":"wp","href":"https:\/\/api.w.org\/{rel}","templated":true}]}}