{"id":5578,"date":"2019-09-04T12:26:18","date_gmt":"2019-09-04T10:26:18","guid":{"rendered":"https:\/\/www.fewo-hohetauern.at\/?page_id=5578"},"modified":"2019-09-05T09:02:05","modified_gmt":"2019-09-05T07:02:05","slug":"nezavaezny-dopyt","status":"publish","type":"page","link":"https:\/\/www.fewo-hohetauern.at\/sk\/nezavaezny-dopyt\/","title":{"rendered":"Nez\u00e1v\u00e4zn\u00fd dopyt"},"content":{"rendered":"<p>[vc_row css=&#8220;.vc_custom_1527764409511{margin-top: 0px !important;padding-top: 0px !important;padding-bottom: 40px !important;background-color: #ffffff !important;}&#8220;][vc_column]<header class='content-heading'>\n\t\t\t\t\t\t<h1 class='main-heading'>Nez\u00e1v\u00e4zn\u00fd dopyt<\/h1>\n\t\t\t\t\t\t<div class='main-subtitle'><p>Z\u00edskajte svoju osobn\u00fa dovolenkov\u00fa ponuku v Apartm\u00e1novom dome\u00a0Hohe Tauern, alebo n\u00e1m zatelefonujte. Te\u0161\u00edme sa na V\u00e1s!<\/p>\n<\/div>\t\t\t\t\t\t\n\t\t\t\t\t\t<div class='seperator'><\/div>\n\t\t\t\t\t<\/header>[\/vc_column][\/vc_row][vc_row][vc_column][vc_raw_html]JTNDZGl2JTIwaWQlM0QlMjJlYkVucXVpcnklMjIlM0UlM0MlMkZkaXYlM0UlMEElM0NzY3JpcHQlMjB0eXBlJTNEJTIydGV4dCUyRmphdmFzY3JpcHQlMjIlMjBzcmMlM0QlMjIlMkYlMkZ3d3cuZWFzeS1ib29raW5nLmF0JTJGZWJQbHVnaW5zJTJGZW5xdWlyeSUyRmpxdWVyeS5lYXN5Ym9va2luZy5lbnF1aXJ5LnYyLmpzJTIyJTNFJTNDJTJGc2NyaXB0JTNFJTBBJTNDc2NyaXB0JTIwdHlwZSUzRCUyMnRleHQlMkZqYXZhc2NyaXB0JTIyJTNFJTBBZnVuY3Rpb24lMjBlYkVucXVpcnlMb2FkZWRDaGVjayUyOCUyOSUyMCU3QiUwQSUyMCUyMCUyMCUyMGlmJTI4dHlwZW9mJTIwalF1ZXJ5JTIwJTIxJTNEJTIwJTIydW5kZWZpbmVkJTIyJTI5JTIwJTdCJTBBJTIwJTIwJTIwJTIwJTIwJTIwJTIwJTIwaWYlMjhqUXVlcnkuZm4uZWJFbnF1aXJ5JTI5JTIwJTdCJTBBJTIwJTIwJTIwJTIwJTIwJTIwJTIwJTIwJTIwJTIwJTIwJTIwalF1ZXJ5JTI4JTIyJTIzZWJFbnF1aXJ5JTIyJTI5LmViRW5xdWlyeSUyOCU3QiUwQSUyMCUyMCUyMCUyMCUyMCUyMCUyMCUyMCUyMCUyMCUyMCUyMCUyMCUyMCUyMCUyMGN1c3RvbWVySWQlM0ElMjA4MTQ3JTJDJTBBJTIwJTIwJTIwJTIwJTIwJTIwJTIwJTIwJTIwJTIwJTIwJTIwJTIwJTIwJTIwJTIwc2VyaWFsTm8lM0ElMjAlMjI5MjA1LTc5NTgtMjE3NiUyMiUyQyUwQSUyMCUyMCUyMCUyMCUyMCUyMCUyMCUyMCUyMCUyMCUyMCUyMCUyMCUyMCUyMCUyMGxvY2FsZUlkJTNBJTIwMSUyQyUwQSUyMCUyMCUyMCUyMCUyMCUyMCUyMCUyMCUyMCUyMCUyMCUyMCUyMCUyMCUyMCUyMGZvbnRjb2xvciUzQSUyMCUyMmJsYWNrJTIyJTJDJTBBJTIwJTIwJTIwJTIwJTIwJTIwJTIwJTIwJTIwJTIwJTIwJTIwJTIwJTIwJTIwJTIwYnV0dG9uY29sb3IlM0ElMjIlMjIlMkMlMEElMjAlMjAlMjAlMjAlMjAlMjAlMjAlMjAlMjAlMjAlMjAlMjAlMjAlMjAlMjAlMjBidXR0b25mb250Y29sb3IlM0ElMjAlMjIlMjIlMkMlMEElMjAlMjAlMjAlMjAlMjAlMjAlMjAlMjAlMjAlMjAlMjAlMjAlMjAlMjAlMjAlMjBzb3VyY2UlM0ElMjAlMjIlMjIlMkMlMEElMjAlMjAlMjAlMjAlMjAlMjAlMjAlMjAlMjAlMjAlMjAlMjAlMjAlMjAlMjAlMjBjb21tZW50JTNBJTIwJTIyJTIyJTJDJTBBJTIwJTIwJTIwJTIwJTIwJTIwJTIwJTIwJTIwJTIwJTIwJTIwJTIwJTIwJTIwJTIwY29udmVyc2lvbkVucXVpcnklM0ElMjAlMjIlMjIlMEElMjAlMjAlMjAlMjAlMjAlMjAlMjAlMjAlMjAlMjAlMjAlMjAlN0QlMjklM0IlMEElMjAlMjAlMjAlMjAlMjAlMjAlMjAlMjAlN0QlMjBlbHNlJTIwJTdCc2V0VGltZW91dCUyOGViRW5xdWlyeUxvYWRlZENoZWNrJTJDMjAwJTI5JTNCJTdEJTBBJTIwJTIwJTIwJTIwJTdEJTIwZWxzZSUyMCU3QnNldFRpbWVvdXQlMjhlYkVucXVpcnlMb2FkZWRDaGVjayUyQzIwMCUyOSUzQiU3RCUwQSU3RCUwQWViRW5xdWlyeUxvYWRlZENoZWNrJTI4JTI5JTNCJTBBJTNDJTJGc2NyaXB0JTNFJTIwJTIwJTIwJTIwJTIwJTIwJTIwJTIwJTIwJTIwJTIwJTIwJTIwJTIwJTIwJTIwJTIwJTIwJTIwJTIwJTBBJTBBJTIwJTIwJTIwJTIwJTIwJTIwJTIwJTIwJTIwJTIwJTIwJTIwJTIwJTIwJTIwJTIwJTIwJTIwJTIwJTIw[\/vc_raw_html][\/vc_column][\/vc_row][vc_row full_width=&#8220;stretch_row&#8220; css=&#8220;.vc_custom_1527765232455{background-color: #ffffff !important;}&#8220;][vc_column width=&#8220;1\/6&#8243; css=&#8220;.vc_custom_1527765680497{padding-right: 10px !important;padding-left: 10px !important;}&#8220;][\/vc_column][vc_column width=&#8220;4\/6&#8243;]<div id=\"ultimate-heading-976069e0d73748bbe\" class=\"uvc-heading ult-adjust-bottom-margin ultimate-heading-976069e0d73748bbe uvc-2688 \" data-hspacer=\"line_only\"  data-halign=\"center\" style=\"text-align:center\"><div class=\"uvc-main-heading ult-responsive\"  data-ultimate-target='.uvc-heading.ultimate-heading-976069e0d73748bbe h2'  data-responsive-json-new='{\"font-size\":\"\",\"line-height\":\"\"}' ><h2 style=\"font-weight:normal;margin-bottom:10px;\">Alebo n\u00e1m zatelefonujte na tel. \u010d.: +43(0)664 5555784 . Te\u0161\u00edme sa na V\u00e1s! <\/h2><\/div><div class=\"uvc-heading-spacer line_only\" style=\"margin-top:10px;margin-bottom:10px;height:1px;\"><span class=\"uvc-headings-line\" style=\"border-style:solid;border-bottom-width:1px;border-color:#848484;width:autopx;\"><\/span><\/div><\/div><div class=\"ult-spacer spacer-69e0d73748be4\" data-id=\"69e0d73748be4\" data-height=\"40\" data-height-mobile=\"40\" data-height-tab=\"40\" data-height-tab-portrait=\"\" data-height-mobile-landscape=\"\" style=\"clear:both;display:block;\"><\/div><header class='content-heading'>\n\t\t\t\t\t\t<h1 class='main-heading'>Info-Hotline<\/h1>\n\t\t\t\t\t\t<div class='main-subtitle'><header><a href=\"tel:00436645555784\">+43(0)664 5555784<\/a><\/header>\n<\/div>\t\t\t\t\t\t\n\t\t\t\t\t\t<div class='seperator'><\/div>\n\t\t\t\t\t<\/header>[\/vc_column][vc_column width=&#8220;1\/6&#8243;][\/vc_column][\/vc_row]<\/p>\n","protected":false},"excerpt":{"rendered":"<p>[vc_row css=&#8220;.vc_custom_1527764409511{margin-top: 0px !important;padding-top: 0px !important;padding-bottom: 40px !important;background-color: #ffffff !important;}&#8220;][vc_column][\/vc_column][\/vc_row][vc_row][vc_column][vc_raw_html]JTNDZGl2JTIwaWQlM0QlMjJlYkVucXVpcnklMjIlM0UlM0MlMkZkaXYlM0UlMEElM0NzY3JpcHQlMjB0eXBlJTNEJTIydGV4dCUyRmphdmFzY3JpcHQlMjIlMjBzcmMlM0QlMjIlMkYlMkZ3d3cuZWFzeS1ib29raW5nLmF0JTJGZWJQbHVnaW5zJTJGZW5xdWlyeSUyRmpxdWVyeS5lYXN5Ym9va2luZy5lbnF1aXJ5LnYyLmpzJTIyJTNFJTNDJTJGc2NyaXB0JTNFJTBBJTNDc2NyaXB0JTIwdHlwZSUzRCUyMnRleHQlMkZqYXZhc2NyaXB0JTIyJTNFJTBBZnVuY3Rpb24lMjBlYkVucXVpcnlMb2FkZWRDaGVjayUyOCUyOSUyMCU3QiUwQSUyMCUyMCUyMCUyMGlmJTI4dHlwZW9mJTIwalF1ZXJ5JTIwJTIxJTNEJTIwJTIydW5kZWZpbmVkJTIyJTI5JTIwJTdCJTBBJTIwJTIwJTIwJTIwJTIwJTIwJTIwJTIwaWYlMjhqUXVlcnkuZm4uZWJFbnF1aXJ5JTI5JTIwJTdCJTBBJTIwJTIwJTIwJTIwJTIwJTIwJTIwJTIwJTIwJTIwJTIwJTIwalF1ZXJ5JTI4JTIyJTIzZWJFbnF1aXJ5JTIyJTI5LmViRW5xdWlyeSUyOCU3QiUwQSUyMCUyMCUyMCUyMCUyMCUyMCUyMCUyMCUyMCUyMCUyMCUyMCUyMCUyMCUyMCUyMGN1c3RvbWVySWQlM0ElMjA4MTQ3JTJDJTBBJTIwJTIwJTIwJTIwJTIwJTIwJTIwJTIwJTIwJTIwJTIwJTIwJTIwJTIwJTIwJTIwc2VyaWFsTm8lM0ElMjAlMjI5MjA1LTc5NTgtMjE3NiUyMiUyQyUwQSUyMCUyMCUyMCUyMCUyMCUyMCUyMCUyMCUyMCUyMCUyMCUyMCUyMCUyMCUyMCUyMGxvY2FsZUlkJTNBJTIwMSUyQyUwQSUyMCUyMCUyMCUyMCUyMCUyMCUyMCUyMCUyMCUyMCUyMCUyMCUyMCUyMCUyMCUyMGZvbnRjb2xvciUzQSUyMCUyMmJsYWNrJTIyJTJDJTBBJTIwJTIwJTIwJTIwJTIwJTIwJTIwJTIwJTIwJTIwJTIwJTIwJTIwJTIwJTIwJTIwYnV0dG9uY29sb3IlM0ElMjIlMjIlMkMlMEElMjAlMjAlMjAlMjAlMjAlMjAlMjAlMjAlMjAlMjAlMjAlMjAlMjAlMjAlMjAlMjBidXR0b25mb250Y29sb3IlM0ElMjAlMjIlMjIlMkMlMEElMjAlMjAlMjAlMjAlMjAlMjAlMjAlMjAlMjAlMjAlMjAlMjAlMjAlMjAlMjAlMjBzb3VyY2UlM0ElMjAlMjIlMjIlMkMlMEElMjAlMjAlMjAlMjAlMjAlMjAlMjAlMjAlMjAlMjAlMjAlMjAlMjAlMjAlMjAlMjBjb21tZW50JTNBJTIwJTIyJTIyJTJDJTBBJTIwJTIwJTIwJTIwJTIwJTIwJTIwJTIwJTIwJTIwJTIwJTIwJTIwJTIwJTIwJTIwY29udmVyc2lvbkVucXVpcnklM0ElMjAlMjIlMjIlMEElMjAlMjAlMjAlMjAlMjAlMjAlMjAlMjAlMjAlMjAlMjAlMjAlN0QlMjklM0IlMEElMjAlMjAlMjAlMjAlMjAlMjAlMjAlMjAlN0QlMjBlbHNlJTIwJTdCc2V0VGltZW91dCUyOGViRW5xdWlyeUxvYWRlZENoZWNrJTJDMjAwJTI5JTNCJTdEJTBBJTIwJTIwJTIwJTIwJTdEJTIwZWxzZSUyMCU3QnNldFRpbWVvdXQlMjhlYkVucXVpcnlMb2FkZWRDaGVjayUyQzIwMCUyOSUzQiU3RCUwQSU3RCUwQWViRW5xdWlyeUxvYWRlZENoZWNrJTI4JTI5JTNCJTBBJTNDJTJGc2NyaXB0JTNFJTIwJTIwJTIwJTIwJTIwJTIwJTIwJTIwJTIwJTIwJTIwJTIwJTIwJTIwJTIwJTIwJTIwJTIwJTIwJTIwJTBBJTBBJTIwJTIwJTIwJTIwJTIwJTIwJTIwJTIwJTIwJTIwJTIwJTIwJTIwJTIwJTIwJTIwJTIwJTIwJTIwJTIw[\/vc_raw_html][\/vc_column][\/vc_row][vc_row full_width=&#8220;stretch_row&#8220; css=&#8220;.vc_custom_1527765232455{background-color: #ffffff !important;}&#8220;][vc_column width=&#8220;1\/6&#8243; css=&#8220;.vc_custom_1527765680497{padding-right: 10px !important;padding-left: 10px !important;}&#8220;][\/vc_column][vc_column width=&#8220;4\/6&#8243;][\/vc_column][vc_column width=&#8220;1\/6&#8243;][\/vc_column][\/vc_row]<\/p>\n","protected":false},"author":3,"featured_media":0,"parent":0,"menu_order":0,"comment_status":"closed","ping_status":"closed","template":"","meta":{"om_disable_all_campaigns":false,"_mi_skip_tracking":false,"footnotes":""},"tags":[],"aioseo_notices":[],"_links":{"self":[{"href":"https:\/\/www.fewo-hohetauern.at\/sk\/wp-json\/wp\/v2\/pages\/5578"}],"collection":[{"href":"https:\/\/www.fewo-hohetauern.at\/sk\/wp-json\/wp\/v2\/pages"}],"about":[{"href":"https:\/\/www.fewo-hohetauern.at\/sk\/wp-json\/wp\/v2\/types\/page"}],"author":[{"embeddable":true,"href":"https:\/\/www.fewo-hohetauern.at\/sk\/wp-json\/wp\/v2\/users\/3"}],"replies":[{"embeddable":true,"href":"https:\/\/www.fewo-hohetauern.at\/sk\/wp-json\/wp\/v2\/comments?post=5578"}],"version-history":[{"count":3,"href":"https:\/\/www.fewo-hohetauern.at\/sk\/wp-json\/wp\/v2\/pages\/5578\/revisions"}],"predecessor-version":[{"id":5629,"href":"https:\/\/www.fewo-hohetauern.at\/sk\/wp-json\/wp\/v2\/pages\/5578\/revisions\/5629"}],"wp:attachment":[{"href":"https:\/\/www.fewo-hohetauern.at\/sk\/wp-json\/wp\/v2\/media?parent=5578"}],"wp:term":[{"taxonomy":"post_tag","embeddable":true,"href":"https:\/\/www.fewo-hohetauern.at\/sk\/wp-json\/wp\/v2\/tags?post=5578"}],"curies":[{"name":"wp","href":"https:\/\/api.w.org\/{rel}","templated":true}]}}