{"id":5582,"date":"2019-09-04T12:27:42","date_gmt":"2019-09-04T10:27:42","guid":{"rendered":"https:\/\/www.fewo-hohetauern.at\/?page_id=5582"},"modified":"2020-01-30T06:50:38","modified_gmt":"2020-01-30T05:50:38","slug":"okolie","status":"publish","type":"page","link":"https:\/\/www.fewo-hohetauern.at\/sk\/okolie\/","title":{"rendered":"Okolie"},"content":{"rendered":"<p>[vc_row css=&#8220;.vc_custom_1527764409511{margin-top: 0px !important;padding-top: 0px !important;padding-bottom: 40px !important;background-color: #ffffff !important;}&#8220;][vc_column]<header class='content-heading'>\n\t\t\t\t\t\t<h1 class='main-heading'>Leto &amp; zima akt\u00edvne ...<\/h1>\n\t\t\t\t\t\t<div class='main-subtitle'><p>\u2026v \u00a0Obervellachu, v \u00a0Regi\u00f3ne N\u00e1rodn\u00e9ho parku Hohe Tauern.<\/p>\n<\/div>\t\t\t\t\t\t\n\t\t\t\t\t\t<div class='seperator'><\/div>\n\t\t\t\t\t<\/header>[vc_row_inner css=&#8220;.vc_custom_1527764453162{padding-top: 20px !important;}&#8220;][vc_column_inner width=&#8220;1\/6&#8243;][\/vc_column_inner][vc_column_inner width=&#8220;2\/3&#8243;][vc_column_text el_class=&#8220;introtext&#8220;]Je jedno \u010di v lete, alebo v zime. U n\u00e1s m\u00f4\u017ete ve\u013ea za\u017ei\u0165 a objavi\u0165. U\u017e ste niekedy za\u017eili v\u00fdchod slnka na horskom vrchole? Alebo ly\u017eovali ste sa u\u017e v lete? Toto v\u0161etko a e\u0161te ove\u013ea viac V\u00e1m pon\u00faka Obervellach a Regi\u00f3n N\u00e1rodn\u00e9ho parku Hohe Tauern.[\/vc_column_text][\/vc_column_inner][vc_column_inner width=&#8220;1\/6&#8243;][\/vc_column_inner][\/vc_row_inner][\/vc_column][\/vc_row][vc_row full_width=&#8220;stretch_row&#8220; wrapper_container=&#8220;content-block&#8220; bg_type=&#8220;grad&#8220; seperator_enable=&#8220;seperator_enable_value&#8220; seperator_type=&#8220;curve_up_seperator&#8220; seperator_position=&#8220;bottom_seperator&#8220; seperator_svg_height=&#8220;40&#8243; seperator_shape_background=&#8220;#ffffff&#8220; bg_grad=&#8220;background: -webkit-gradient(linear, left top, left bottom, color-stop(0%, #FFFFFF), color-stop(100%, #E6E6E6));background: -moz-linear-gradient(top,#FFFFFF 0%,#E6E6E6 100%);background: -webkit-linear-gradient(top,#FFFFFF 0%,#E6E6E6 100%);background: -o-linear-gradient(top,#FFFFFF 0%,#E6E6E6 100%);background: -ms-linear-gradient(top,#FFFFFF 0%,#E6E6E6 100%);background: linear-gradient(top,#FFFFFF 0%,#E6E6E6 100%);&#8220; css=&#8220;.vc_custom_1527764355311{margin-top: 10px !important;margin-bottom: 70px !important;padding-top: 0px !important;padding-bottom: 50px !important;}&#8220;][vc_column width=&#8220;1\/3&#8243;]<div class=\"stats-block stats-top  \"><div class=\"aio-icon-top\"><div class=\"ult-just-icon-wrapper  \"><div class=\"align-icon\" style=\"text-align:center;\">\n<div class=\"aio-icon square \"  style=\"color:#6b6a58;font-size:52px;display:inline-block;\">\n\t<i class=\"Defaults-street-view\"><\/i>\n<\/div><\/div><\/div><\/div><div class=\"stats-desc\" id=\"counter-responsv-wrap-6242\"><div id=\"counter_25195945669f2af387521d\" data-id=\"counter_25195945669f2af387521d\"  data-ultimate-target='#counter-responsv-wrap-6242 .stats-number'  data-responsive-json-new='{\"font-size\":\"desktop:40px;\",\"line-height\":\"desktop:40px;\"}'  class=\"stats-number ult-responsive\" style=\" color:#606060; font-weight:bold;color:#6b6a58;\" data-speed=\"3\" data-counter-value=\"170\" data-separator=\",\" data-decimal=\".\">0<\/div><div class=\"counter_suffix mycust ult-responsive\"  data-ultimate-target='#counter-responsv-wrap-6242 .mycust'  data-responsive-json-new='{\"font-size\":\"desktop:24px;\",\"line-height\":\"desktop:24px;\"}'  style=\" font-style:italic;font-weight:normal;color:#6b6a58\">km<\/div><div id=\"counter-responsv-wrap-6242\"  data-ultimate-target='#counter-responsv-wrap-6242 .stats-text'  data-responsive-json-new='{\"font-size\":\"desktop:24px;\",\"line-height\":\"desktop:24px;\"}'  class=\"stats-text ult-responsive\" style=\"font-size:px; color:#606060; \">turistick\u00fdch chodn\u00edkov<\/div><\/div><\/div>[\/vc_column][vc_column width=&#8220;1\/3&#8243;]<div class=\"stats-block stats-top  \"><div class=\"aio-icon-top\"><div class=\"ult-just-icon-wrapper  \"><div class=\"align-icon\" style=\"text-align:center;\">\n<div class=\"aio-icon square \"  style=\"color:#565334;font-size:52px;display:inline-block;\">\n\t<i class=\"Defaults-binoculars\"><\/i>\n<\/div><\/div><\/div><\/div><div class=\"stats-desc\" id=\"counter-responsv-wrap-1079\"><div class=\"counter_prefix mycust ult-responsive\"  data-ultimate-target='#counter-responsv-wrap-1079 .mycust'  data-responsive-json-new='{\"font-size\":\"desktop:24px;\",\"line-height\":\"desktop:24px;\"}'  style=\" font-style:italic;font-weight:normal;color:#565334\">viac ako <\/div><div id=\"counter_198506285869f2af3875289\" data-id=\"counter_198506285869f2af3875289\"  data-ultimate-target='#counter-responsv-wrap-1079 .stats-number'  data-responsive-json-new='{\"font-size\":\"desktop:40px;\",\"line-height\":\"desktop:40px;\"}'  class=\"stats-number ult-responsive\" style=\" color:#606060; font-weight:bold;color:#565334;\" data-speed=\"3\" data-counter-value=\"100\" data-separator=\",\" data-decimal=\".\">0<\/div><div id=\"counter-responsv-wrap-1079\"  data-ultimate-target='#counter-responsv-wrap-1079 .stats-text'  data-responsive-json-new='{\"font-size\":\"desktop:24px;\",\"line-height\":\"desktop:24px;\"}'  class=\"stats-text ult-responsive\" style=\"font-size:px; color:#606060; \">v\u00fdhliadkov\u00fdch miest<\/div><\/div><\/div>[\/vc_column][vc_column width=&#8220;1\/3&#8243;]<div class=\"stats-block stats-top  \"><div class=\"aio-icon-top\"><div class=\"ult-just-icon-wrapper  \"><div class=\"align-icon\" style=\"text-align:center;\">\n<div class=\"aio-icon square \"  style=\"color:#474d4b;font-size:52px;display:inline-block;\">\n\t<i class=\"Defaults-area-chart\"><\/i>\n<\/div><\/div><\/div><\/div><div class=\"stats-desc\" id=\"counter-responsv-wrap-9056\"><div id=\"counter_22441771269f2af38752de\" data-id=\"counter_22441771269f2af38752de\"  data-ultimate-target='#counter-responsv-wrap-9056 .stats-number'  data-responsive-json-new='{\"font-size\":\"desktop:40px;\",\"line-height\":\"desktop:40px;\"}'  class=\"stats-number ult-responsive\" style=\" color:#606060; font-weight:bold;color:#474d4b;\" data-speed=\"3\" data-counter-value=\"688 m\" data-separator=\",\" data-decimal=\".\">0<\/div><div class=\"counter_suffix mycust ult-responsive\"  data-ultimate-target='#counter-responsv-wrap-9056 .mycust'  data-responsive-json-new='{\"font-size\":\"desktop:24px;\",\"line-height\":\"desktop:24px;\"}'  style=\" font-style:italic;font-weight:normal;color:#474d4b\">m<\/div><div id=\"counter-responsv-wrap-9056\"  data-ultimate-target='#counter-responsv-wrap-9056 .stats-text'  data-responsive-json-new='{\"font-size\":\"desktop:24px;\",\"line-height\":\"desktop:24px;\"}'  class=\"stats-text ult-responsive\" style=\"font-size:px; color:#606060; \">nadmorsk\u00e1 v\u00fd\u0161ka<\/div><\/div><\/div>[\/vc_column][\/vc_row][vc_row equal_height=&#8220;yes&#8220; entrada_row_bgcolor=&#8220;bg-white&#8220; css=&#8220;.vc_custom_1547566576596{margin-top: 0px !important;margin-right: 0px !important;margin-bottom: 0px !important;margin-left: 0px !important;padding-top: 0px !important;padding-right: 0px !important;padding-bottom: 0px !important;padding-left: 0px !important;}&#8220;][vc_column width=&#8220;1\/2&#8243; el_class=&#8220;wow slideInLeft block-widget&#8220; css=&#8220;.vc_custom_1527752511691{padding-right: 10px !important;padding-left: 10px !important;}&#8220;]<div id=\"ult-carousel-108000979769f2af387532f\" class=\"ult-carousel-wrapper  vc_custom_1561543425060  ult_horizontal\" data-gutter=\"15\" data-rtl=\"false\" ><div class=\"ult-carousel-29544623669f2af38752f9 \" >[vc_single_image image=&#8220;5357&#8243; img_size=&#8220;1024&#215;768&#8243; alignment=&#8220;center&#8220; onclick=&#8220;link_image&#8220;][vc_single_image image=&#8220;5354&#8243; img_size=&#8220;1024&#215;768&#8243; alignment=&#8220;center&#8220; onclick=&#8220;link_image&#8220;][vc_single_image image=&#8220;5375&#8243; img_size=&#8220;1024&#215;768&#8243; alignment=&#8220;center&#8220; onclick=&#8220;link_image&#8220;][vc_single_image image=&#8220;5363&#8243; img_size=&#8220;1024&#215;768&#8243; alignment=&#8220;center&#8220; onclick=&#8220;link_image&#8220;][vc_single_image image=&#8220;5345&#8243; img_size=&#8220;1024&#215;768&#8243; alignment=&#8220;center&#8220; onclick=&#8220;link_image&#8220;][vc_single_image image=&#8220;5369&#8243; img_size=&#8220;1024&#215;768&#8243; alignment=&#8220;center&#8220; onclick=&#8220;link_image&#8220;]<\/div><\/div>\t\t\t<script type=\"text\/javascript\">\r\n\t\t\t\tjQuery(document).ready(function ($) {\r\n\t\t\t\t\tif( typeof jQuery('.ult-carousel-29544623669f2af38752f9').slick == \"function\"){\r\n\t\t\t\t\t\t$('.ult-carousel-29544623669f2af38752f9').slick({dots: true,autoplaySpeed: 5000,speed: 300,infinite: true,arrows: true,nextArrow: '<button type=\"button\" role=\"button\" aria-label=\"Next\" style=\"color:#333333; font-size:20px;\" class=\"slick-next default\"><i class=\"ultsl-arrow-right4\"><\/i><\/button>',prevArrow: '<button type=\"button\" role=\"button\" aria-label=\"Previous\" style=\"color:#333333; font-size:20px;\" class=\"slick-prev default\"><i class=\"ultsl-arrow-left4\"><\/i><\/button>',slidesToScroll:1,slidesToShow:1,swipe: true,draggable: true,touchMove: true,pauseOnHover: true,pauseOnFocus: false,responsive: [\r\n\t\t\t\t\t\t\t{\r\n\t\t\t\t\t\t\t  breakpoint: 1025,\r\n\t\t\t\t\t\t\t  settings: {\r\n\t\t\t\t\t\t\t\tslidesToShow: 1,\r\n\t\t\t\t\t\t\t\tslidesToScroll: 1,  \r\n\t\t\t\t\t\t\t  }\r\n\t\t\t\t\t\t\t},\r\n\t\t\t\t\t\t\t{\r\n\t\t\t\t\t\t\t  breakpoint: 769,\r\n\t\t\t\t\t\t\t  settings: {\r\n\t\t\t\t\t\t\t\tslidesToShow: 1,\r\n\t\t\t\t\t\t\t\tslidesToScroll: 1\r\n\t\t\t\t\t\t\t  }\r\n\t\t\t\t\t\t\t},\r\n\t\t\t\t\t\t\t{\r\n\t\t\t\t\t\t\t  breakpoint: 481,\r\n\t\t\t\t\t\t\t  settings: {\r\n\t\t\t\t\t\t\t\tslidesToShow: 1,\r\n\t\t\t\t\t\t\t\tslidesToScroll: 1\r\n\t\t\t\t\t\t\t  }\r\n\t\t\t\t\t\t\t}\r\n\t\t\t\t\t\t],pauseOnDotsHover: true,customPaging: function(slider, i) {\r\n                   return '<i type=\"button\" style= \"color:#333333;\" class=\"ultsl-record\" data-role=\"none\"><\/i>';\r\n                },});\r\n\t\t\t\t\t}\r\n\t\t\t\t});\r\n\t\t\t<\/script>\r\n\t\t\t<div class=\"ult-spacer spacer-69f2af3875365\" data-id=\"69f2af3875365\" data-height=\"20\" data-height-mobile=\"20\" data-height-tab=\"20\" data-height-tab-portrait=\"\" data-height-mobile-landscape=\"\" style=\"clear:both;display:block;\"><\/div>[vc_column_text]<\/p>\n<h3>Letn\u00e9 aktivity v pr\u00edrode<\/h3>\n<div class=\"excerpt\">\n<p>Je jedno \u010di pe\u0161i, na bicykli, alebo na jednej z lanoviek \u2013 odha\u013ete n\u00e1\u0161 \u00fachvatn\u00fd horsk\u00fd svet. Ak budete ma\u0165 o\u010di otvoren\u00e9, m\u00f4\u017eete tie\u017e stretn\u00fa\u0165 kamz\u00edky, alebo svi\u0161te.<\/p>\n<p>Adrenalinov\u00ed-junkies by mali ur\u010dite podnikn\u00fa\u0165 raftingov\u00fa t\u00faru na rieke M\u00f6ll alebo canyoning!<\/p><\/div>\n<p>[\/vc_column_text][\/vc_column][vc_column width=&#8220;1\/2&#8243; el_class=&#8220;wow slideInRight block-widget&#8220; css=&#8220;.vc_custom_1527752517357{padding-right: 10px !important;padding-left: 10px !important;}&#8220;]<div id=\"ult-carousel-21096532169f2af3875385\" class=\"ult-carousel-wrapper  vc_custom_1561543417164  ult_horizontal\" data-gutter=\"15\" data-rtl=\"false\" ><div class=\"ult-carousel-158885728569f2af387537b \" >[vc_single_image image=&#8220;5378&#8243; img_size=&#8220;1024&#215;768&#8243; alignment=&#8220;center&#8220; onclick=&#8220;link_image&#8220;][vc_single_image image=&#8220;4110&#8243; img_size=&#8220;1024&#215;768&#8243; alignment=&#8220;center&#8220; onclick=&#8220;link_image&#8220;][vc_single_image image=&#8220;5372&#8243; img_size=&#8220;1024&#215;768&#8243; alignment=&#8220;center&#8220; onclick=&#8220;link_image&#8220;][vc_single_image image=&#8220;5360&#8243; img_size=&#8220;1024&#215;768&#8243; alignment=&#8220;center&#8220; onclick=&#8220;link_image&#8220;][vc_single_image image=&#8220;5348&#8243; img_size=&#8220;1024&#215;768&#8243; alignment=&#8220;center&#8220; onclick=&#8220;link_image&#8220;]<\/div><\/div>\t\t\t<script type=\"text\/javascript\">\r\n\t\t\t\tjQuery(document).ready(function ($) {\r\n\t\t\t\t\tif( typeof jQuery('.ult-carousel-158885728569f2af387537b').slick == \"function\"){\r\n\t\t\t\t\t\t$('.ult-carousel-158885728569f2af387537b').slick({dots: true,autoplaySpeed: 5000,speed: 300,infinite: true,arrows: true,nextArrow: '<button type=\"button\" role=\"button\" aria-label=\"Next\" style=\"color:#333333; font-size:20px;\" class=\"slick-next default\"><i class=\"ultsl-arrow-right4\"><\/i><\/button>',prevArrow: '<button type=\"button\" role=\"button\" aria-label=\"Previous\" style=\"color:#333333; font-size:20px;\" class=\"slick-prev default\"><i class=\"ultsl-arrow-left4\"><\/i><\/button>',slidesToScroll:1,slidesToShow:1,swipe: true,draggable: true,touchMove: true,pauseOnHover: true,pauseOnFocus: false,responsive: [\r\n\t\t\t\t\t\t\t{\r\n\t\t\t\t\t\t\t  breakpoint: 1025,\r\n\t\t\t\t\t\t\t  settings: {\r\n\t\t\t\t\t\t\t\tslidesToShow: 1,\r\n\t\t\t\t\t\t\t\tslidesToScroll: 1,  \r\n\t\t\t\t\t\t\t  }\r\n\t\t\t\t\t\t\t},\r\n\t\t\t\t\t\t\t{\r\n\t\t\t\t\t\t\t  breakpoint: 769,\r\n\t\t\t\t\t\t\t  settings: {\r\n\t\t\t\t\t\t\t\tslidesToShow: 1,\r\n\t\t\t\t\t\t\t\tslidesToScroll: 1\r\n\t\t\t\t\t\t\t  }\r\n\t\t\t\t\t\t\t},\r\n\t\t\t\t\t\t\t{\r\n\t\t\t\t\t\t\t  breakpoint: 481,\r\n\t\t\t\t\t\t\t  settings: {\r\n\t\t\t\t\t\t\t\tslidesToShow: 1,\r\n\t\t\t\t\t\t\t\tslidesToScroll: 1\r\n\t\t\t\t\t\t\t  }\r\n\t\t\t\t\t\t\t}\r\n\t\t\t\t\t\t],pauseOnDotsHover: true,customPaging: function(slider, i) {\r\n                   return '<i type=\"button\" style= \"color:#333333;\" class=\"ultsl-record\" data-role=\"none\"><\/i>';\r\n                },});\r\n\t\t\t\t\t}\r\n\t\t\t\t});\r\n\t\t\t<\/script>\r\n\t\t\t<div class=\"ult-spacer spacer-69f2af38753b2\" data-id=\"69f2af38753b2\" data-height=\"20\" data-height-mobile=\"20\" data-height-tab=\"20\" data-height-tab-portrait=\"\" data-height-mobile-landscape=\"\" style=\"clear:both;display:block;\"><\/div>[vc_column_text]<\/p>\n<h3>Snehov\u00fd z\u00e1\u017eitok v zime<\/h3>\n<div class=\"excerpt\">\n<p>Obidve ly\u017eiarske stredisk\u00e1 \u201cM\u00f6lltaler Gletscher\u201d a \u201cAnkogel\u201d sa nach\u00e1dzaj\u00fa v susedn\u00fdch obciach a autom ste tam za p\u00e1r min\u00fat.<\/p>\n<p>Zjazdovky na M\u00f6lltalskom \u013eadovci siahaj\u00fa a\u017e do nadmorskej v\u00fd\u0161ky 3.000 metrov. Tu sa ly\u017euje po cel\u00fd rok!<\/p><\/div>\n<p>[\/vc_column_text][\/vc_column][\/vc_row][vc_row full_width=&#8220;stretch_row&#8220; css=&#8220;.vc_custom_1527765232455{background-color: #ffffff !important;}&#8220;][vc_column width=&#8220;1\/6&#8243; css=&#8220;.vc_custom_1527765680497{padding-right: 10px !important;padding-left: 10px !important;}&#8220;][\/vc_column][vc_column width=&#8220;4\/6&#8243;]<div id=\"ultimate-heading-583969f2af38753d0\" class=\"uvc-heading ult-adjust-bottom-margin ultimate-heading-583969f2af38753d0 uvc-7486 \" data-hspacer=\"line_only\"  data-halign=\"center\" style=\"text-align:center\"><div class=\"uvc-main-heading ult-responsive\"  data-ultimate-target='.uvc-heading.ultimate-heading-583969f2af38753d0 h2'  data-responsive-json-new='{\"font-size\":\"\",\"line-height\":\"\"}' ><h2 style=\"font-weight:normal;margin-bottom:10px;\">Obervellach a Regi\u00f3n N\u00e1rodn\u00e9ho parku Hohe Tauern pon\u00fakaj\u00fa svojim n\u00e1v\u0161tevn\u00edkom mno\u017estvo aktiv\u00edt v lete aj v zime.<\/h2><\/div><div class=\"uvc-heading-spacer line_only\" style=\"margin-top:10px;margin-bottom:10px;height:1px;\"><span class=\"uvc-headings-line\" style=\"border-style:solid;border-bottom-width:1px;border-color:#848484;width:autopx;\"><\/span><\/div><div class=\"uvc-sub-heading ult-responsive\"  data-ultimate-target='.uvc-heading.ultimate-heading-583969f2af38753d0 .uvc-sub-heading '  data-responsive-json-new='{\"font-size\":\"\",\"line-height\":\"\"}'  style=\"font-weight:normal;margin-bottom:20px;\">Kontaktujte n\u00e1s pre viac inform\u00e1ci\u00ed oh\u013eadom V\u00e1\u0161ho pobytu.<\/p>\n<p>Po\u0161lite n\u00e1m nez\u00e1v\u00e4zn\u00fd dopyt, alebo n\u00e1m zatelefonujte na tel. \u010d.:<a href=\"tel:00436645555784\">+43(0)664 5555784<\/a>. Te\u0161\u00edme sa na V\u00e1s!<\/div><\/div><div class=\"ult-spacer spacer-69f2af38753e9\" data-id=\"69f2af38753e9\" data-height=\"40\" data-height-mobile=\"40\" data-height-tab=\"40\" data-height-tab-portrait=\"\" data-height-mobile-landscape=\"\" style=\"clear:both;display:block;\"><\/div><header class='content-heading'>\n\t\t\t\t\t\t<h1 class='main-heading'>Info-Hotline<\/h1>\n\t\t\t\t\t\t<div class='main-subtitle'><header><a href=\"tel:00436645555784\">+43(0)664 5555784<\/a><\/header>\n<\/div>\t\t\t\t\t\t\n\t\t\t\t\t\t<div class='seperator'><\/div>\n\t\t\t\t\t<\/header><div class=\" ubtn-ctn-center fancyboxbtn fancybox-inline\"><a class=\"ubtn-link ult-adjust-bottom-margin ubtn-center ubtn-large fancyboxbtn fancybox-inline\" href=\"\/sk\/nezavaezny-dopyt\/\" title=\"Unverbindlich anfragen\" ><button type=\"button\" id=\"ubtn-4598\"  class=\"ubtn ult-adjust-bottom-margin ult-responsive ubtn-large ubtn-top-bg  ulta-grow  ubtn-sep-icon ubtn-sep-icon-left  ubtn-center   tooltip-69f2af3875505\"  data-hover=\"#ffffff\" data-border-color=\"\" data-bg=\"#0571bb\" data-hover-bg=\"#020000\" data-border-hover=\"\" data-shadow-hover=\"\" data-shadow-click=\"none\" data-shadow=\"\" data-shd-shadow=\"\"  data-ultimate-target='#ubtn-4598'  data-responsive-json-new='{\"font-size\":\"desktop:24px;\",\"line-height\":\"desktop:24px;\"}'  style=\"font-weight:bold;border:none;background: #0571bb;color: #ffffff;\"><span class=\"ubtn-data ubtn-icon\"><i class=\"Material-Icons-message\" style=\"font-size:32px;color:#ffffff;\"><\/i><\/span><span class=\"ubtn-hover\" style=\"background-color:#020000\"><\/span><span class=\"ubtn-data ubtn-text \" >Dopyt priamo tu!<\/span><\/button><\/a><\/div>[\/vc_column][vc_column width=&#8220;1\/6&#8243;][\/vc_column][\/vc_row]<\/p>\n","protected":false},"excerpt":{"rendered":"<p>[vc_row css=&#8220;.vc_custom_1527764409511{margin-top: 0px !important;padding-top: 0px !important;padding-bottom: 40px !important;background-color: #ffffff !important;}&#8220;][vc_column][vc_row_inner css=&#8220;.vc_custom_1527764453162{padding-top: 20px !important;}&#8220;][vc_column_inner width=&#8220;1\/6&#8243;][\/vc_column_inner][vc_column_inner width=&#8220;2\/3&#8243;][vc_column_text el_class=&#8220;introtext&#8220;]Je jedno \u010di v lete, alebo v zime. U n\u00e1s m\u00f4\u017ete ve\u013ea za\u017ei\u0165 a objavi\u0165. U\u017e ste niekedy za\u017eili v\u00fdchod slnka na horskom vrchole? Alebo ly\u017eovali ste sa u\u017e v lete? Toto v\u0161etko a e\u0161te ove\u013ea viac V\u00e1m pon\u00faka Obervellach [&hellip;]<\/p>\n","protected":false},"author":3,"featured_media":0,"parent":0,"menu_order":0,"comment_status":"closed","ping_status":"closed","template":"","meta":{"om_disable_all_campaigns":false,"_mi_skip_tracking":false,"footnotes":""},"tags":[],"aioseo_notices":[],"_links":{"self":[{"href":"https:\/\/www.fewo-hohetauern.at\/sk\/wp-json\/wp\/v2\/pages\/5582"}],"collection":[{"href":"https:\/\/www.fewo-hohetauern.at\/sk\/wp-json\/wp\/v2\/pages"}],"about":[{"href":"https:\/\/www.fewo-hohetauern.at\/sk\/wp-json\/wp\/v2\/types\/page"}],"author":[{"embeddable":true,"href":"https:\/\/www.fewo-hohetauern.at\/sk\/wp-json\/wp\/v2\/users\/3"}],"replies":[{"embeddable":true,"href":"https:\/\/www.fewo-hohetauern.at\/sk\/wp-json\/wp\/v2\/comments?post=5582"}],"version-history":[{"count":4,"href":"https:\/\/www.fewo-hohetauern.at\/sk\/wp-json\/wp\/v2\/pages\/5582\/revisions"}],"predecessor-version":[{"id":5677,"href":"https:\/\/www.fewo-hohetauern.at\/sk\/wp-json\/wp\/v2\/pages\/5582\/revisions\/5677"}],"wp:attachment":[{"href":"https:\/\/www.fewo-hohetauern.at\/sk\/wp-json\/wp\/v2\/media?parent=5582"}],"wp:term":[{"taxonomy":"post_tag","embeddable":true,"href":"https:\/\/www.fewo-hohetauern.at\/sk\/wp-json\/wp\/v2\/tags?post=5582"}],"curies":[{"name":"wp","href":"https:\/\/api.w.org\/{rel}","templated":true}]}}