{"id":5604,"date":"2019-09-04T12:51:30","date_gmt":"2019-09-04T10:51:30","guid":{"rendered":"https:\/\/www.fewo-hohetauern.at\/?page_id=5604"},"modified":"2019-09-04T12:51:30","modified_gmt":"2019-09-04T10:51:30","slug":"web-kamery","status":"publish","type":"page","link":"https:\/\/www.fewo-hohetauern.at\/sk\/web-kamery\/","title":{"rendered":"Web kamery"},"content":{"rendered":"<p>[vc_row css=&#8220;.vc_custom_1527764409511{margin-top: 0px !important;padding-top: 0px !important;padding-bottom: 40px !important;background-color: #ffffff !important;}&#8220;][vc_column]<header class='content-heading'>\n\t\t\t\t\t\t<h1 class='main-heading'>Web kamery v okol\u00ed <\/h1>\n\t\t\t\t\t\t<div class='main-subtitle'><header>Z\u00edskajte aktu\u00e1lny preh\u013ead o po\u010das\u00ed, stave a omnoho viac.<\/header>\n<\/div>\t\t\t\t\t\t\n\t\t\t\t\t\t<div class='seperator'><\/div>\n\t\t\t\t\t<\/header>[vc_raw_js]JTNDc2NyaXB0JTIwc3JjJTNEJTIyaHR0cHMlM0ElMkYlMkZzdGF0aWMucGFub21heC5jb20lMkZmcm9udCUyRnRodW1ibmFpbCUyRmpzJTJGcG1heHRodW1ibmFpbC5qcyUyMiUyMHR5cGUlM0QlMjJ0ZXh0JTJGamF2YXNjcmlwdCUyMiUzRSUzQyUyRnNjcmlwdCUzRQ==[\/vc_raw_js][\/vc_column][\/vc_row][vc_row full_width=&#8220;stretch_row&#8220; css=&#8220;.vc_custom_1527929319558{padding-top: 10px !important;background-color: #ffffff !important;}&#8220;][vc_column width=&#8220;1\/3&#8243; css=&#8220;.vc_custom_1527765026724{padding-right: 10px !important;padding-left: 10px !important;}&#8220;][vc_single_image source=&#8220;external_link&#8220; alignment=&#8220;center&#8220; onclick=&#8220;custom_link&#8220; img_link_target=&#8220;_blank&#8220; custom_src=&#8220;https:\/\/www.foto-webcam.eu\/webcam\/obervellach\/current\/400.jpg?1543832477&#8243; link=&#8220;https:\/\/www.foto-webcam.eu\/webcam\/obervellach\/&#8220;][\/vc_column][vc_column width=&#8220;1\/3&#8243; css=&#8220;.vc_custom_1528891642859{padding-right: 10px !important;padding-left: 10px !important;}&#8220;][vc_single_image source=&#8220;external_link&#8220; external_img_size=&#8220;400&#215;225&#8243; alignment=&#8220;center&#8220; onclick=&#8220;custom_link&#8220; img_link_target=&#8220;_blank&#8220; custom_src=&#8220;https:\/\/obervellach.marktplatzcam.peak.at\/bilder\/Marktplatz-thumb.jpg&#8220; link=&#8220;https:\/\/obervellach.marktplatzcam.peak.at\/bilder\/Marktplatz-original.jpg&#8220;][\/vc_column][vc_column width=&#8220;1\/3&#8243; css=&#8220;.vc_custom_1528891635466{padding-right: 10px !important;padding-left: 10px !important;}&#8220;][vc_single_image source=&#8220;external_link&#8220; external_img_size=&#8220;400&#215;225&#8243; alignment=&#8220;center&#8220; onclick=&#8220;custom_link&#8220; img_link_target=&#8220;_blank&#8220; custom_src=&#8220;https:\/\/obervellach.marktplatzcam.peak.at\/bilder\/Talabwaerts-thumb.jpg&#8220; link=&#8220;https:\/\/obervellach.marktplatzcam.peak.at\/bilder\/Talabwaerts-original.jpg&#8220;][\/vc_column][\/vc_row][vc_row full_width=&#8220;stretch_row&#8220; css=&#8220;.vc_custom_1527929319558{padding-top: 10px !important;background-color: #ffffff !important;}&#8220;][vc_column width=&#8220;1\/3&#8243; css=&#8220;.vc_custom_1527765026724{padding-right: 10px !important;padding-left: 10px !important;}&#8220;][vc_single_image source=&#8220;external_link&#8220; external_img_size=&#8220;400&#215;225&#8243; alignment=&#8220;center&#8220; onclick=&#8220;custom_link&#8220; img_link_target=&#8220;_blank&#8220; custom_src=&#8220;https:\/\/obervellach.marktplatzcam.peak.at\/bilder\/Talaufwaerts-thumb.jpg&#8220; link=&#8220;https:\/\/obervellach.marktplatzcam.peak.at\/bilder\/Talaufwaerts-original.jpg&#8220;][\/vc_column][vc_column width=&#8220;1\/3&#8243; css=&#8220;.vc_custom_1528891642859{padding-right: 10px !important;padding-left: 10px !important;}&#8220;][vc_single_image source=&#8220;external_link&#8220; external_img_size=&#8220;400&#215;225&#8243; alignment=&#8220;center&#8220; onclick=&#8220;custom_link&#8220; img_link_target=&#8220;_blank&#8220; custom_src=&#8220;https:\/\/obervellach.marktplatzcam.peak.at\/bilder\/GroppensteinZ-thumb.jpg&#8220; link=&#8220;https:\/\/obervellach.marktplatzcam.peak.at\/bilder\/GroppensteinZ-original.jpg&#8220;][\/vc_column][vc_column width=&#8220;1\/3&#8243; css=&#8220;.vc_custom_1528891635466{padding-right: 10px !important;padding-left: 10px !important;}&#8220;][vc_single_image source=&#8220;external_link&#8220; external_img_size=&#8220;400&#215;225&#8243; alignment=&#8220;center&#8220; onclick=&#8220;custom_link&#8220; img_link_target=&#8220;_blank&#8220; custom_src=&#8220;https:\/\/obervellach.marktplatzcam.peak.at\/bilder\/Falkenstein-thumb.jpg&#8220; link=&#8220;https:\/\/obervellach.marktplatzcam.peak.at\/bilder\/Falkenstein-original.jpg&#8220;][\/vc_column][\/vc_row][vc_row full_width=&#8220;stretch_row&#8220; css=&#8220;.vc_custom_1527929319558{padding-top: 10px !important;background-color: #ffffff !important;}&#8220;][vc_column width=&#8220;1\/3&#8243; css=&#8220;.vc_custom_1527765026724{padding-right: 10px !important;padding-left: 10px !important;}&#8220;][vc_single_image source=&#8220;external_link&#8220; onclick=&#8220;custom_link&#8220; img_link_target=&#8220;_blank&#8220; custom_src=&#8220;http:\/\/www.webcams.schultz.at\/webcam\/gletscher-schareck\/current\/640.jpg&#8220; link=&#8220;http:\/\/www.webcams.schultz.at\/webcam\/gletscher-schareck\/&#8220;][\/vc_column][vc_column width=&#8220;1\/3&#8243; css=&#8220;.vc_custom_1528891642859{padding-right: 10px !important;padding-left: 10px !important;}&#8220;][vc_single_image source=&#8220;external_link&#8220; onclick=&#8220;custom_link&#8220; img_link_target=&#8220;_blank&#8220; custom_src=&#8220;http:\/\/www.webcams.schultz.at\/webcam\/ankogel-nord\/current\/640.jpg&#8220; link=&#8220;http:\/\/www.webcams.schultz.at\/webcam\/ankogel-nord\/&#8220;][\/vc_column][vc_column width=&#8220;1\/3&#8243; css=&#8220;.vc_custom_1528891635466{padding-right: 10px !important;padding-left: 10px !important;}&#8220;][vc_single_image source=&#8220;external_link&#8220; onclick=&#8220;custom_link&#8220; img_link_target=&#8220;_blank&#8220; custom_src=&#8220;http:\/\/www.webcams.schultz.at\/webcam\/ankogel-sued\/current\/640.jpg&#8220; link=&#8220;http:\/\/www.webcams.schultz.at\/webcam\/ankogel-sued\/&#8220;][\/vc_column][\/vc_row]<\/p>\n","protected":false},"excerpt":{"rendered":"<p>[vc_row css=&#8220;.vc_custom_1527764409511{margin-top: 0px !important;padding-top: 0px !important;padding-bottom: 40px !important;background-color: #ffffff !important;}&#8220;][vc_column][vc_raw_js]JTNDc2NyaXB0JTIwc3JjJTNEJTIyaHR0cHMlM0ElMkYlMkZzdGF0aWMucGFub21heC5jb20lMkZmcm9udCUyRnRodW1ibmFpbCUyRmpzJTJGcG1heHRodW1ibmFpbC5qcyUyMiUyMHR5cGUlM0QlMjJ0ZXh0JTJGamF2YXNjcmlwdCUyMiUzRSUzQyUyRnNjcmlwdCUzRQ==[\/vc_raw_js][\/vc_column][\/vc_row][vc_row full_width=&#8220;stretch_row&#8220; css=&#8220;.vc_custom_1527929319558{padding-top: 10px !important;background-color: #ffffff !important;}&#8220;][vc_column width=&#8220;1\/3&#8243; css=&#8220;.vc_custom_1527765026724{padding-right: 10px !important;padding-left: 10px !important;}&#8220;][vc_single_image source=&#8220;external_link&#8220; alignment=&#8220;center&#8220; onclick=&#8220;custom_link&#8220; img_link_target=&#8220;_blank&#8220; custom_src=&#8220;https:\/\/www.foto-webcam.eu\/webcam\/obervellach\/current\/400.jpg?1543832477&#8243; link=&#8220;https:\/\/www.foto-webcam.eu\/webcam\/obervellach\/&#8220;][\/vc_column][vc_column width=&#8220;1\/3&#8243; css=&#8220;.vc_custom_1528891642859{padding-right: 10px !important;padding-left: 10px !important;}&#8220;][vc_single_image source=&#8220;external_link&#8220; external_img_size=&#8220;400&#215;225&#8243; alignment=&#8220;center&#8220; onclick=&#8220;custom_link&#8220; img_link_target=&#8220;_blank&#8220; custom_src=&#8220;https:\/\/obervellach.marktplatzcam.peak.at\/bilder\/Marktplatz-thumb.jpg&#8220; link=&#8220;https:\/\/obervellach.marktplatzcam.peak.at\/bilder\/Marktplatz-original.jpg&#8220;][\/vc_column][vc_column width=&#8220;1\/3&#8243; css=&#8220;.vc_custom_1528891635466{padding-right: 10px !important;padding-left: 10px !important;}&#8220;][vc_single_image source=&#8220;external_link&#8220; external_img_size=&#8220;400&#215;225&#8243; alignment=&#8220;center&#8220; onclick=&#8220;custom_link&#8220; img_link_target=&#8220;_blank&#8220; custom_src=&#8220;https:\/\/obervellach.marktplatzcam.peak.at\/bilder\/Talabwaerts-thumb.jpg&#8220; link=&#8220;https:\/\/obervellach.marktplatzcam.peak.at\/bilder\/Talabwaerts-original.jpg&#8220;][\/vc_column][\/vc_row][vc_row full_width=&#8220;stretch_row&#8220; [&hellip;]<\/p>\n","protected":false},"author":3,"featured_media":0,"parent":0,"menu_order":0,"comment_status":"closed","ping_status":"closed","template":"","meta":{"om_disable_all_campaigns":false,"_mi_skip_tracking":false,"footnotes":""},"tags":[],"aioseo_notices":[],"_links":{"self":[{"href":"https:\/\/www.fewo-hohetauern.at\/sk\/wp-json\/wp\/v2\/pages\/5604"}],"collection":[{"href":"https:\/\/www.fewo-hohetauern.at\/sk\/wp-json\/wp\/v2\/pages"}],"about":[{"href":"https:\/\/www.fewo-hohetauern.at\/sk\/wp-json\/wp\/v2\/types\/page"}],"author":[{"embeddable":true,"href":"https:\/\/www.fewo-hohetauern.at\/sk\/wp-json\/wp\/v2\/users\/3"}],"replies":[{"embeddable":true,"href":"https:\/\/www.fewo-hohetauern.at\/sk\/wp-json\/wp\/v2\/comments?post=5604"}],"version-history":[{"count":2,"href":"https:\/\/www.fewo-hohetauern.at\/sk\/wp-json\/wp\/v2\/pages\/5604\/revisions"}],"predecessor-version":[{"id":5606,"href":"https:\/\/www.fewo-hohetauern.at\/sk\/wp-json\/wp\/v2\/pages\/5604\/revisions\/5606"}],"wp:attachment":[{"href":"https:\/\/www.fewo-hohetauern.at\/sk\/wp-json\/wp\/v2\/media?parent=5604"}],"wp:term":[{"taxonomy":"post_tag","embeddable":true,"href":"https:\/\/www.fewo-hohetauern.at\/sk\/wp-json\/wp\/v2\/tags?post=5604"}],"curies":[{"name":"wp","href":"https:\/\/api.w.org\/{rel}","templated":true}]}}