{"id":5649,"date":"2019-09-23T08:29:44","date_gmt":"2019-09-23T06:29:44","guid":{"rendered":"https:\/\/www.fewo-hohetauern.at\/?page_id=5649"},"modified":"2019-09-23T08:29:44","modified_gmt":"2019-09-23T06:29:44","slug":"virtualna-3d-prehliadka","status":"publish","type":"page","link":"https:\/\/www.fewo-hohetauern.at\/sk\/virtualna-3d-prehliadka\/","title":{"rendered":"Virtu\u00e1lna 3D prehliadka"},"content":{"rendered":"<p>[vc_row css=&#8220;.vc_custom_1527764409511{margin-top: 0px !important;padding-top: 0px !important;padding-bottom: 40px !important;background-color: #ffffff !important;}&#8220;][vc_column]<header class='content-heading'>\n\t\t\t\t\t\t<h1 class='main-heading'>Na\u0161e apartm\u00e1ny<\/h1>\n\t\t\t\t\t\t<div class='main-subtitle'><p>Dovolenka v Apartm\u00e1novom dome Hohe Tauern.<\/p>\n<\/div>\t\t\t\t\t\t\n\t\t\t\t\t\t<div class='seperator'><\/div>\n\t\t\t\t\t<\/header>[\/vc_column][\/vc_row][vc_row equal_height=&#8220;yes&#8220; entrada_row_bgcolor=&#8220;bg-white&#8220; css=&#8220;.vc_custom_1561541175196{margin-top: 0px !important;margin-right: 0px !important;margin-bottom: 0px !important;margin-left: 0px !important;padding-top: 0px !important;padding-right: 0px !important;padding-bottom: 0px !important;padding-left: 0px !important;}&#8220;][vc_column el_class=&#8220;wow slideInLeft block-widget&#8220; css=&#8220;.vc_custom_1527752511691{padding-right: 10px !important;padding-left: 10px !important;}&#8220;]<header class='content-heading'>\n\t\t\t\t\t\t<h1 class='main-heading'>Virtu\u00e1lna 3D prehliadka<\/h1>\n\t\t\t\t\t\t<div class='main-subtitle'><p><span class=\"tlid-translation translation\" lang=\"sk\"><span class=\"\" title=\"\">Prejdite sa po na\u0161om dome<\/span><\/span><\/p>\n<\/div>\t\t\t\t\t\t\n\t\t\t\t\t\t<div class='seperator'><\/div>\n\t\t\t\t\t<\/header>[vc_raw_html]JTNDZGl2JTIwaWQlM0QlMjd3cDNkLTIzMzIlMjclM0UlM0NhJTIwaHJlZiUzRCUyN2h0dHBzJTNBJTJGJTJGd3d3LnZpdmlzM2QuYXQlMkZ2aXJ0dWVsbGUtdG91ciUyRmFwcGFydGVtZW50aGF1cy1ob2hlLXRhdWVybiUyRmZ1bGxzY3JlZW4lMkYlM0ZlbWJlZGRlZCUyNyUzRUxPQURJTkclMjAtJTIwQXBwYXJ0ZW1lbnRoYXVzJTIwSG9oZSUyMFRhdWVybiUzQyUyRmElM0UlM0NzY3JpcHQlMjBzcmMlM0QlMjclMkYlMkZzMy11cy13ZXN0LTIuYW1hem9uYXdzLmNvbSUyRndwM2Rtb2RlbHMlMkZqcyUyRmVtYmVkLWlmcmFtZS5qcyUzRmlkJTNEd3AzZC0yMzMyJTI3JTNFJTNDJTJGc2NyaXB0JTNFJTNDJTJGZGl2JTNF[\/vc_raw_html][\/vc_column][\/vc_row][vc_row full_width=&#8220;stretch_row&#8220; css=&#8220;.vc_custom_1527765232455{background-color: #ffffff !important;}&#8220;][vc_column width=&#8220;1\/6&#8243; css=&#8220;.vc_custom_1527765680497{padding-right: 10px !important;padding-left: 10px !important;}&#8220;][\/vc_column][vc_column width=&#8220;4\/6&#8243;]<div id=\"ultimate-heading-207869e074531d843\" class=\"uvc-heading ult-adjust-bottom-margin ultimate-heading-207869e074531d843 uvc-1266 \" data-hspacer=\"line_only\"  data-halign=\"center\" style=\"text-align:center\"><div class=\"uvc-main-heading ult-responsive\"  data-ultimate-target='.uvc-heading.ultimate-heading-207869e074531d843 h2'  data-responsive-json-new='{\"font-size\":\"\",\"line-height\":\"\"}' ><h2 style=\"font-weight:normal;margin-bottom:10px;\">Ak si u\u017e bal\u00edte kufre, ulo\u017ete si hne\u010f aj na\u0161e s\u00faradnice do navig\u00e1cie a hor sa na cestu!<\/h2><\/div><div class=\"uvc-heading-spacer line_only\" style=\"margin-top:10px;margin-bottom:10px;height:1px;\"><span class=\"uvc-headings-line\" style=\"border-style:solid;border-bottom-width:1px;border-color:#848484;width:autopx;\"><\/span><\/div><div class=\"uvc-sub-heading ult-responsive\"  data-ultimate-target='.uvc-heading.ultimate-heading-207869e074531d843 .uvc-sub-heading '  data-responsive-json-new='{\"font-size\":\"\",\"line-height\":\"\"}'  style=\"font-weight:normal;margin-bottom:20px;\">Kontaktujte n\u00e1s pre viac inform\u00e1ci\u00ed oh\u013eadom V\u00e1\u0161ho pobytu, po\u0161lite n\u00e1m nez\u00e1v\u00e4zn\u00fd dopyt, alebo n\u00e1m zatelefonujte na tel. \u010d.:\u00a0<a href=\"tel:00436645555784\">+43 664 5555784<\/a>. Te\u0161\u00edme sa na V\u00e1s!<\/div><\/div><div class=\"ult-spacer spacer-69e074531d870\" data-id=\"69e074531d870\" data-height=\"40\" data-height-mobile=\"40\" data-height-tab=\"40\" data-height-tab-portrait=\"\" data-height-mobile-landscape=\"\" style=\"clear:both;display:block;\"><\/div><header class='content-heading'>\n\t\t\t\t\t\t<h1 class='main-heading'>Info-Hotline<\/h1>\n\t\t\t\t\t\t<div class='main-subtitle'><header><a href=\"tel:00436645555784\">+43(0)664 5555784<\/a><\/header>\n<\/div>\t\t\t\t\t\t\n\t\t\t\t\t\t<div class='seperator'><\/div>\n\t\t\t\t\t<\/header>[\/vc_column][vc_column width=&#8220;1\/6&#8243;][\/vc_column][\/vc_row]<\/p>\n","protected":false},"excerpt":{"rendered":"<p>[vc_row css=&#8220;.vc_custom_1527764409511{margin-top: 0px !important;padding-top: 0px !important;padding-bottom: 40px !important;background-color: #ffffff !important;}&#8220;][vc_column][\/vc_column][\/vc_row][vc_row equal_height=&#8220;yes&#8220; entrada_row_bgcolor=&#8220;bg-white&#8220; css=&#8220;.vc_custom_1561541175196{margin-top: 0px !important;margin-right: 0px !important;margin-bottom: 0px !important;margin-left: 0px !important;padding-top: 0px !important;padding-right: 0px !important;padding-bottom: 0px !important;padding-left: 0px !important;}&#8220;][vc_column el_class=&#8220;wow slideInLeft block-widget&#8220; css=&#8220;.vc_custom_1527752511691{padding-right: 10px !important;padding-left: 10px !important;}&#8220;][vc_raw_html]JTNDZGl2JTIwaWQlM0QlMjd3cDNkLTIzMzIlMjclM0UlM0NhJTIwaHJlZiUzRCUyN2h0dHBzJTNBJTJGJTJGd3d3LnZpdmlzM2QuYXQlMkZ2aXJ0dWVsbGUtdG91ciUyRmFwcGFydGVtZW50aGF1cy1ob2hlLXRhdWVybiUyRmZ1bGxzY3JlZW4lMkYlM0ZlbWJlZGRlZCUyNyUzRUxPQURJTkclMjAtJTIwQXBwYXJ0ZW1lbnRoYXVzJTIwSG9oZSUyMFRhdWVybiUzQyUyRmElM0UlM0NzY3JpcHQlMjBzcmMlM0QlMjclMkYlMkZzMy11cy13ZXN0LTIuYW1hem9uYXdzLmNvbSUyRndwM2Rtb2RlbHMlMkZqcyUyRmVtYmVkLWlmcmFtZS5qcyUzRmlkJTNEd3AzZC0yMzMyJTI3JTNFJTNDJTJGc2NyaXB0JTNFJTNDJTJGZGl2JTNF[\/vc_raw_html][\/vc_column][\/vc_row][vc_row full_width=&#8220;stretch_row&#8220; css=&#8220;.vc_custom_1527765232455{background-color: #ffffff !important;}&#8220;][vc_column width=&#8220;1\/6&#8243; css=&#8220;.vc_custom_1527765680497{padding-right: 10px !important;padding-left: 10px !important;}&#8220;][\/vc_column][vc_column width=&#8220;4\/6&#8243;][\/vc_column][vc_column width=&#8220;1\/6&#8243;][\/vc_column][\/vc_row]<\/p>\n","protected":false},"author":2,"featured_media":0,"parent":0,"menu_order":0,"comment_status":"closed","ping_status":"closed","template":"","meta":{"om_disable_all_campaigns":false,"_mi_skip_tracking":false,"footnotes":""},"tags":[],"aioseo_notices":[],"_links":{"self":[{"href":"https:\/\/www.fewo-hohetauern.at\/sk\/wp-json\/wp\/v2\/pages\/5649"}],"collection":[{"href":"https:\/\/www.fewo-hohetauern.at\/sk\/wp-json\/wp\/v2\/pages"}],"about":[{"href":"https:\/\/www.fewo-hohetauern.at\/sk\/wp-json\/wp\/v2\/types\/page"}],"author":[{"embeddable":true,"href":"https:\/\/www.fewo-hohetauern.at\/sk\/wp-json\/wp\/v2\/users\/2"}],"replies":[{"embeddable":true,"href":"https:\/\/www.fewo-hohetauern.at\/sk\/wp-json\/wp\/v2\/comments?post=5649"}],"version-history":[{"count":1,"href":"https:\/\/www.fewo-hohetauern.at\/sk\/wp-json\/wp\/v2\/pages\/5649\/revisions"}],"predecessor-version":[{"id":5652,"href":"https:\/\/www.fewo-hohetauern.at\/sk\/wp-json\/wp\/v2\/pages\/5649\/revisions\/5652"}],"wp:attachment":[{"href":"https:\/\/www.fewo-hohetauern.at\/sk\/wp-json\/wp\/v2\/media?parent=5649"}],"wp:term":[{"taxonomy":"post_tag","embeddable":true,"href":"https:\/\/www.fewo-hohetauern.at\/sk\/wp-json\/wp\/v2\/tags?post=5649"}],"curies":[{"name":"wp","href":"https:\/\/api.w.org\/{rel}","templated":true}]}}